{"id":42,"date":"2021-12-29T17:16:23","date_gmt":"2021-12-29T17:16:23","guid":{"rendered":"https:\/\/tahtiatyylilla.fi\/wordpress\/?page_id=42"},"modified":"2021-12-30T05:38:09","modified_gmt":"2021-12-30T05:38:09","slug":"tuotteet","status":"publish","type":"page","link":"https:\/\/tahtiatyylilla.fi\/wordpress\/?page_id=42","title":{"rendered":"TUOTTEET"},"content":{"rendered":"\n<p><a><\/a>Klikkaa kuvaa niin p\u00e4\u00e4set suoraan kuvastoon ja olet&nbsp;<a href=\"http:\/\/www.zumba.com\/\">www.zumba.com<\/a>&nbsp;sivustolla. Valitse tuote, koko, v\u00e4ri ja tuotteen nimi. Tutustu tilausehtoihimme jossa on kerrottu miten tuotteet voi tilata.<\/p>\n\n\n\n<p>Mik\u00e4li haluamaasi tuotetta ei l\u00f6ydy en\u00e4\u00e4 sivuilta niin aina kannattaa tiedustella ett\u00e4 onko meill\u00e4 mahdollisesti tuotetta myym\u00e4l\u00e4ss\u00e4mme.<\/p>\n\n\n\n<p>Myym\u00e4l\u00e4: Mottitie 4,Valkeakoski<br>minna.pakkanen&nbsp; @ tahtiatyylilla.fi<br>p. 040 5304323&nbsp;&nbsp;<a href=\"https:\/\/fi-fi.facebook.com\/zumbawearfinland\" target=\"_blank\" rel=\"noreferrer noopener\">zumbawear finland FB<\/a><\/p>\n\n\n\n<p><a href=\"https:\/\/www.zumba.com\/en-US\/shop\/FI\/women\/bras\" target=\"_blank\" rel=\"noreferrer noopener\"><strong>Urheiluliivit<\/strong><\/a><\/p>\n\n\n\n<figure class=\"wp-block-image is-resized\"><img loading=\"lazy\" decoding=\"async\" src=\"http:\/\/tahtiatyylilla.fi\/wp-content\/uploads\/2020\/08\/17343695-ebaa-11e9-ade9-0a8dcd423cf8-zumba-glow-bra-z1t02125-product-carousel-1-regular-1595283330-5.jpeg\" alt=\"This image has an empty alt attribute; its file name is 17343695-ebaa-11e9-ade9-0a8dcd423cf8-zumba-glow-bra-z1t02125-product-carousel-1-regular-1595283330-5.jpeg\" width=\"281\" height=\"235\"\/><\/figure>\n\n\n\n<p><a href=\"https:\/\/www.zumba.com\/en-US\/shop\/FI\/women\/tops\" target=\"_blank\" rel=\"noreferrer noopener\"><strong>Yl\u00e4osat, paidat topit<\/strong><\/a><\/p>\n\n\n\n<figure class=\"wp-block-image is-resized\"><img loading=\"lazy\" decoding=\"async\" src=\"http:\/\/tahtiatyylilla.fi\/wp-content\/uploads\/2020\/08\/99bfd77e-eba9-11e9-ade9-0a8dcd423cf8-for-zumba-lovers-tulip-top-z1t02132-product-carousel-1-regular-1595290202.jpeg\" alt=\"This image has an empty alt attribute; its file name is 99bfd77e-eba9-11e9-ade9-0a8dcd423cf8-for-zumba-lovers-tulip-top-z1t02132-product-carousel-1-regular-1595290202.jpeg\" width=\"248\" height=\"208\"\/><\/figure>\n\n\n\n<p><a href=\"https:\/\/www.zumba.com\/en-US\/shop\/FI\/women\/bottoms\" target=\"_blank\" rel=\"noreferrer noopener\"><strong>Alaosat. leggigs, harem, sweatpants<\/strong><\/a><\/p>\n\n\n\n<figure class=\"wp-block-image is-resized\"><img loading=\"lazy\" decoding=\"async\" src=\"http:\/\/tahtiatyylilla.fi\/wp-content\/uploads\/2020\/08\/1b081fbf-9d05-11e9-ade9-0a8dcd423cf8-zumba-original-flow-panel-ankle-leggings-z1b01018-product-carousel-1-regular-1584734336.jpeg\" alt=\"This image has an empty alt attribute; its file name is 1b081fbf-9d05-11e9-ade9-0a8dcd423cf8-zumba-original-flow-panel-ankle-leggings-z1b01018-product-carousel-1-regular-1584734336.jpeg\" width=\"269\" height=\"225\"\/><\/figure>\n\n\n\n<p><a href=\"https:\/\/www.zumba.com\/en-US\/shop\/FI\/women\/jackets-and-hoodies\" target=\"_blank\" rel=\"noreferrer noopener\"><strong>Takit ja puserot<\/strong><\/a><\/p>\n\n\n\n<figure class=\"wp-block-image is-resized\"><a href=\"http:\/\/tahtiatyylilla.fi\/wp-content\/uploads\/2019\/09\/52fcdfba-9756-11e8-8439-0a23d6a68194-feel-good-dance-good-track-jacket-z1t01734-product-carousel-1-regular-1552918230.jpg\"><img loading=\"lazy\" decoding=\"async\" src=\"http:\/\/tahtiatyylilla.fi\/wp-content\/uploads\/2019\/09\/52fcdfba-9756-11e8-8439-0a23d6a68194-feel-good-dance-good-track-jacket-z1t01734-product-carousel-1-regular-1552918230-300x251.jpg\" alt=\"TAKIT JA PUSEROT\" class=\"wp-image-1049\" width=\"277\" height=\"231\"\/><\/a><\/figure>\n\n\n\n<p><a href=\"https:\/\/www.zumba.com\/en-US\/shop\/FI\/strong-by-zumba\" target=\"_blank\" rel=\"noreferrer noopener\"><strong>Strong mallisto<\/strong><\/a><\/p>\n\n\n\n<figure class=\"wp-block-image is-resized\"><img loading=\"lazy\" decoding=\"async\" src=\"http:\/\/tahtiatyylilla.fi\/wp-content\/uploads\/2020\/08\/d6e647bd-baf0-11e9-ade9-0a8dcd423cf8-laser-high-waisted-leggings-z1b01111-product-carousel-1-regular-1594140001-1.jpeg\" alt=\"This image has an empty alt attribute; its file name is d6e647bd-baf0-11e9-ade9-0a8dcd423cf8-laser-high-waisted-leggings-z1b01111-product-carousel-1-regular-1594140001-1.jpeg\" width=\"276\" height=\"231\"\/><\/figure>\n\n\n<div class=\"wp-block-image\">\n<figure class=\"alignleft\"><a href=\"https:\/\/www.facebook.com\/zumbawearfinland\/\" target=\"_blank\" rel=\"noreferrer noopener\"><img loading=\"lazy\" decoding=\"async\" class=\"wp-image-60\" src=\"http:\/\/tahtiatyylilla.fi\/wp-content\/uploads\/2016\/07\/facebook-flat-vector-logo-400x400-150x150.png\" alt=\"Zumbawear Finland\" width=\"87\" height=\"87\"><\/a><\/figure>\n<\/div>\n\n\n<p><a href=\"https:\/\/www.facebook.com\/zumbawearfinland\/\" target=\"_blank\" rel=\"noreferrer noopener\">Lis\u00e4\u00e4 ajank<\/a><a href=\"https:\/\/www.facebook.com\/zumbawearfinland\/\" target=\"_blank\" rel=\"noreferrer noopener\">ohtaisia tarjouksia FB-sivuilta.<\/a><\/p>\n\n\n<div class=\"wp-block-image\">\n<figure class=\"alignright\"><a href=\"https:\/\/www.instagram.com\/tahtiatyylilla\/\" target=\"_blank\" rel=\"noreferrer noopener\"><img loading=\"lazy\" decoding=\"async\" class=\"wp-image-150 alignleft\" src=\"http:\/\/tahtiatyylilla.fi\/wp-content\/uploads\/2016\/08\/instagram-logo.png\" alt=\"instagram logo\" width=\"181\" height=\"45\"><\/a><\/figure>\n<\/div>","protected":false},"excerpt":{"rendered":"<p>Klikkaa kuvaa niin p\u00e4\u00e4set suoraan kuvastoon ja olet&nbsp;www.zumba.com&nbsp;sivustolla. Valitse tuote, koko, v\u00e4ri ja tuotteen nimi. Tutustu tilausehtoihimme jossa on kerrottu miten tuotteet voi tilata. Mik\u00e4li haluamaasi tuotetta ei l\u00f6ydy en\u00e4\u00e4 sivuilta niin aina kannattaa tiedustella ett\u00e4 onko meill\u00e4 mahdollisesti tuotetta<\/p>\n","protected":false},"author":1,"featured_media":0,"parent":0,"menu_order":0,"comment_status":"closed","ping_status":"closed","template":"","meta":{"footnotes":""},"class_list":["post-42","page","type-page","status-publish","hentry"],"_links":{"self":[{"href":"https:\/\/tahtiatyylilla.fi\/wordpress\/index.php?rest_route=\/wp\/v2\/pages\/42","targetHints":{"allow":["GET"]}}],"collection":[{"href":"https:\/\/tahtiatyylilla.fi\/wordpress\/index.php?rest_route=\/wp\/v2\/pages"}],"about":[{"href":"https:\/\/tahtiatyylilla.fi\/wordpress\/index.php?rest_route=\/wp\/v2\/types\/page"}],"author":[{"embeddable":true,"href":"https:\/\/tahtiatyylilla.fi\/wordpress\/index.php?rest_route=\/wp\/v2\/users\/1"}],"replies":[{"embeddable":true,"href":"https:\/\/tahtiatyylilla.fi\/wordpress\/index.php?rest_route=%2Fwp%2Fv2%2Fcomments&post=42"}],"version-history":[{"count":5,"href":"https:\/\/tahtiatyylilla.fi\/wordpress\/index.php?rest_route=\/wp\/v2\/pages\/42\/revisions"}],"predecessor-version":[{"id":146,"href":"https:\/\/tahtiatyylilla.fi\/wordpress\/index.php?rest_route=\/wp\/v2\/pages\/42\/revisions\/146"}],"wp:attachment":[{"href":"https:\/\/tahtiatyylilla.fi\/wordpress\/index.php?rest_route=%2Fwp%2Fv2%2Fmedia&parent=42"}],"curies":[{"name":"wp","href":"https:\/\/api.w.org\/{rel}","templated":true}]}}