{"id":40,"date":"2021-12-29T17:16:05","date_gmt":"2021-12-29T17:16:05","guid":{"rendered":"https:\/\/tahtiatyylilla.fi\/wordpress\/?page_id=40"},"modified":"2021-12-30T05:36:26","modified_gmt":"2021-12-30T05:36:26","slug":"tilaus-ja-toimitusehdot","status":"publish","type":"page","link":"https:\/\/tahtiatyylilla.fi\/wordpress\/?page_id=40","title":{"rendered":"TILAUS- JA TOIMITUSEHDOT"},"content":{"rendered":"\n<h1 class=\"wp-block-heading\"><\/h1>\n\n\n\n<p>Tuotteita voit tilata selaamalla&nbsp;<a href=\"http:\/\/www.zumba.com\/\">www.zumba.com<\/a>&nbsp;tuotekuvastoa. Tilauksen voit l\u00e4hett\u00e4\u00e4 s\u00e4hk\u00f6postiosoitteeseen tai voit menn\u00e4&nbsp;<a href=\"https:\/\/fi-fi.facebook.com\/zumbawearfinland\">Zumbawear Finland Facebook<\/a>&nbsp;sivuillemme ja laittaa viestin\u00e4 tilauksesi sinne.<br>Voit my\u00f6s tilata nettisivujen kautta (Zumbawear -&gt; Tilauslomake), j\u00e4t\u00e4 tilauksesi yhteydenottolomakkeeseen.<\/p>\n\n\n\n<p><strong>TOIMITUSKULUT<\/strong><\/p>\n\n\n\n<p>Tuotteisiin lis\u00e4t\u00e4\u00e4n postikulut riippuen paketin koosta. Koko XS 5,00 euroa, koko S 8,00 euroa ja koko L 10,00 euroa. Mik\u00e4li tuote on viallinen vastaamme palautuskuluista. V\u00e4\u00e4r\u00e4nkokoisen tuotteen voit palauttaa tai vaihtaa. Palautuskuluista asiakas vastaa silloin itse. Tilatessasi tuotteita v\u00e4hint\u00e4\u00e4n 99 eurolla toimitus on maksuton!<br>Emme ota vastaan suoraan zumba.comista ostettuja tuotteita.&nbsp;<em>Palautus koskee vain kauttamme tilattuja tuotteita.<\/em><br><em>Toimitamme tilauksestasi laskun maksuehtona 7 pv. Alle 50 \u20ac tilauksiin lis\u00e4\u00e4mme laskutuslis\u00e4n 2 \u20ac.&nbsp;<\/em>Tarjoustuotteilla ei ole palautusoikeutta.<\/p>\n\n\n\n<p><strong>Palvelumme:<\/strong><\/p>\n\n\n\n<p>Zumbawear mallisto valmistetaan kolmessa eri maassa ja t\u00e4st\u00e4 johtuen kokomitoitukset saattavat vaihdella melkoisesti. Mik\u00e4li et ole varma tuotteen mitoituksesta tai sen sopivuudesta sinulle niin annamme mielell\u00e4mme informaatiota tuotteista. Kannattaa aina kysy\u00e4. Asiakkaamme ovat olleet todella tyytyv\u00e4isi\u00e4 t\u00e4h\u00e4n palveluun ja ovat saaneet oikeankokoiset ja n\u00e4k\u00f6iset tuotteet.<br><strong>Yhteytt\u00e4 voitte ottaa minna.pakkanen ( \u00e4t) tahtiatyylilla.fi \/ nettisivujemme yhteydenottolomakkeella tai 040 5304323 sek\u00e4 facebook-sivujen kautta.<\/strong><\/p>\n\n\n\n<figure class=\"wp-block-image is-resized\"><a href=\"http:\/\/tahtiatyylilla.fi\/wp-content\/uploads\/2016\/08\/e8fae5a3-c7a0-11e6-b5b4-12bd195f6152-zumba-all-night-metallic-capri-leggings-z1b00594-product-carousel-3-regular-1498150506.jpeg\"><img loading=\"lazy\" decoding=\"async\" src=\"http:\/\/tahtiatyylilla.fi\/wp-content\/uploads\/2016\/08\/e8fae5a3-c7a0-11e6-b5b4-12bd195f6152-zumba-all-night-metallic-capri-leggings-z1b00594-product-carousel-3-regular-1498150506.jpeg\" alt=\"\" class=\"wp-image-688\" width=\"547\" height=\"458\"\/><\/a><\/figure>\n","protected":false},"excerpt":{"rendered":"<p>Tuotteita voit tilata selaamalla&nbsp;www.zumba.com&nbsp;tuotekuvastoa. Tilauksen voit l\u00e4hett\u00e4\u00e4 s\u00e4hk\u00f6postiosoitteeseen tai voit menn\u00e4&nbsp;Zumbawear Finland Facebook&nbsp;sivuillemme ja laittaa viestin\u00e4 tilauksesi sinne.Voit my\u00f6s tilata nettisivujen kautta (Zumbawear -&gt; Tilauslomake), j\u00e4t\u00e4 tilauksesi yhteydenottolomakkeeseen. TOIMITUSKULUT Tuotteisiin lis\u00e4t\u00e4\u00e4n postikulut riippuen paketin koosta. Koko XS 5,00 euroa, koko<\/p>\n","protected":false},"author":1,"featured_media":0,"parent":0,"menu_order":0,"comment_status":"closed","ping_status":"closed","template":"","meta":{"footnotes":""},"class_list":["post-40","page","type-page","status-publish","hentry"],"_links":{"self":[{"href":"https:\/\/tahtiatyylilla.fi\/wordpress\/index.php?rest_route=\/wp\/v2\/pages\/40","targetHints":{"allow":["GET"]}}],"collection":[{"href":"https:\/\/tahtiatyylilla.fi\/wordpress\/index.php?rest_route=\/wp\/v2\/pages"}],"about":[{"href":"https:\/\/tahtiatyylilla.fi\/wordpress\/index.php?rest_route=\/wp\/v2\/types\/page"}],"author":[{"embeddable":true,"href":"https:\/\/tahtiatyylilla.fi\/wordpress\/index.php?rest_route=\/wp\/v2\/users\/1"}],"replies":[{"embeddable":true,"href":"https:\/\/tahtiatyylilla.fi\/wordpress\/index.php?rest_route=%2Fwp%2Fv2%2Fcomments&post=40"}],"version-history":[{"count":4,"href":"https:\/\/tahtiatyylilla.fi\/wordpress\/index.php?rest_route=\/wp\/v2\/pages\/40\/revisions"}],"predecessor-version":[{"id":145,"href":"https:\/\/tahtiatyylilla.fi\/wordpress\/index.php?rest_route=\/wp\/v2\/pages\/40\/revisions\/145"}],"wp:attachment":[{"href":"https:\/\/tahtiatyylilla.fi\/wordpress\/index.php?rest_route=%2Fwp%2Fv2%2Fmedia&parent=40"}],"curies":[{"name":"wp","href":"https:\/\/api.w.org\/{rel}","templated":true}]}}