{"id":38,"date":"2021-12-29T17:15:46","date_gmt":"2021-12-29T17:15:46","guid":{"rendered":"https:\/\/tahtiatyylilla.fi\/wordpress\/?page_id=38"},"modified":"2021-12-29T19:22:22","modified_gmt":"2021-12-29T19:22:22","slug":"zumbawear","status":"publish","type":"page","link":"https:\/\/tahtiatyylilla.fi\/wordpress\/?page_id=38","title":{"rendered":"ZUMBAWEAR"},"content":{"rendered":"\n<figure class=\"wp-block-image size-full is-resized\"><img loading=\"lazy\" decoding=\"async\" src=\"https:\/\/tahtiatyylilla.fi\/wordpress\/wp-content\/uploads\/2021\/12\/zumbawear.jpg\" alt=\"\" class=\"wp-image-142\" width=\"671\" height=\"254\" srcset=\"https:\/\/tahtiatyylilla.fi\/wordpress\/wp-content\/uploads\/2021\/12\/zumbawear.jpg 750w, https:\/\/tahtiatyylilla.fi\/wordpress\/wp-content\/uploads\/2021\/12\/zumbawear-300x114.jpg 300w\" sizes=\"auto, (max-width: 671px) 100vw, 671px\" \/><\/figure>\n\n\n\n<h2 class=\"wp-block-heading\"><span style=\"color:#a5df54\" class=\"has-inline-color\">KAUNEUS<\/span><\/h2>\n\n\n\n<p><span style=\"color:#a5df54\" class=\"has-inline-color\">Zumbawear urheilu- ja vapaa-ajan asusteet ja keng\u00e4t.<\/span><\/p>\n\n\n\n<p>Toimimme Zumbawear tuotteiden virallisena j\u00e4lleenmyyj\u00e4n\u00e4 Suomessa. Voit tilata kauttammme my\u00f6s zumba.com verkkokaupan tuotteita. Lis\u00e4ksi meill\u00e4 on myym\u00e4l\u00e4, jonka asuste valikoima on laaja. Toimitamme tuotteita my\u00f6s postitse. Saat palvelua ja neuvontaa suomeksi.<\/p>\n\n\n<div class=\"wp-block-image\">\n<figure class=\"alignright\"><a href=\"https:\/\/www.instagram.com\/zumbawearfinland\/\" target=\"_blank\" rel=\"noreferrer noopener\"><img loading=\"lazy\" decoding=\"async\" class=\"wp-image-120\n\" src=\"http:\/\/tahtiatyylilla.fi\/wp-content\/uploads\/2016\/08\/instagram-logo.png\" alt=\"instagram logo\" width=\"217\" height=\"54\" \/><\/a><\/figure>\n<\/div>\n\n\n<p>Katso tilaus ja toimitusehdot klikkaamalla yl\u00e4valikon palkkia.<\/p>\n\n\n\n<h4 class=\"wp-block-heading\">Myym\u00e4l\u00e4:&nbsp;Mottitie 4, (Lumikorven teollisuusalue) Valkeakoski.<\/h4>\n\n\n\n<p>Lis\u00e4tiedot: minna.pakkanen ( \u00e4t ) tahtiatyylilla.fi\/ 0405304323<\/p>\n\n\n\n<h4 class=\"wp-block-heading\"><a href=\"http:\/\/tahtiatyylilla.fi\/wp-content\/uploads\/2019\/08\/zumbawear_logo.jpg\"><\/a>Ota rohkeasti yhteytt\u00e4 ja kysy lis\u00e4\u00e4!<\/h4>\n\n\n\n<figure class=\"wp-block-image\"><img decoding=\"async\" src=\"http:\/\/tahtiatyylilla.fi\/wp-content\/uploads\/2019\/08\/zumbawear_logo.jpg\" alt=\"\"\/><\/figure>\n\n\n\n<h4 class=\"wp-block-heading\">&nbsp;<\/h4>\n","protected":false},"excerpt":{"rendered":"<p>KAUNEUS Zumbawear urheilu- ja vapaa-ajan asusteet ja keng\u00e4t. Toimimme Zumbawear tuotteiden virallisena j\u00e4lleenmyyj\u00e4n\u00e4 Suomessa. Voit tilata kauttammme my\u00f6s zumba.com verkkokaupan tuotteita. Lis\u00e4ksi meill\u00e4 on myym\u00e4l\u00e4, jonka asuste valikoima on laaja. Toimitamme tuotteita my\u00f6s postitse. Saat palvelua ja neuvontaa suomeksi. Katso<\/p>\n","protected":false},"author":1,"featured_media":0,"parent":0,"menu_order":0,"comment_status":"closed","ping_status":"closed","template":"","meta":{"footnotes":""},"class_list":["post-38","page","type-page","status-publish","hentry"],"_links":{"self":[{"href":"https:\/\/tahtiatyylilla.fi\/wordpress\/index.php?rest_route=\/wp\/v2\/pages\/38","targetHints":{"allow":["GET"]}}],"collection":[{"href":"https:\/\/tahtiatyylilla.fi\/wordpress\/index.php?rest_route=\/wp\/v2\/pages"}],"about":[{"href":"https:\/\/tahtiatyylilla.fi\/wordpress\/index.php?rest_route=\/wp\/v2\/types\/page"}],"author":[{"embeddable":true,"href":"https:\/\/tahtiatyylilla.fi\/wordpress\/index.php?rest_route=\/wp\/v2\/users\/1"}],"replies":[{"embeddable":true,"href":"https:\/\/tahtiatyylilla.fi\/wordpress\/index.php?rest_route=%2Fwp%2Fv2%2Fcomments&post=38"}],"version-history":[{"count":2,"href":"https:\/\/tahtiatyylilla.fi\/wordpress\/index.php?rest_route=\/wp\/v2\/pages\/38\/revisions"}],"predecessor-version":[{"id":144,"href":"https:\/\/tahtiatyylilla.fi\/wordpress\/index.php?rest_route=\/wp\/v2\/pages\/38\/revisions\/144"}],"wp:attachment":[{"href":"https:\/\/tahtiatyylilla.fi\/wordpress\/index.php?rest_route=%2Fwp%2Fv2%2Fmedia&parent=38"}],"curies":[{"name":"wp","href":"https:\/\/api.w.org\/{rel}","templated":true}]}}