{"id":30,"date":"2021-12-29T17:14:18","date_gmt":"2021-12-29T17:14:18","guid":{"rendered":"https:\/\/tahtiatyylilla.fi\/wordpress\/?page_id=30"},"modified":"2022-01-01T14:01:25","modified_gmt":"2022-01-01T14:01:25","slug":"hinnat","status":"publish","type":"page","link":"https:\/\/tahtiatyylilla.fi\/wordpress\/?page_id=30","title":{"rendered":"HINNAT"},"content":{"rendered":"\n<h1 class=\"wp-block-heading\"><\/h1>\n\n\n\n<ul class=\"wp-block-list\"><li>Aikuisliikuntatuntien hinta on\u00a0<strong>9\u20ac\/<\/strong>kerta tai kymppikortti\u00a0<strong>78\u20ac\u00a0<\/strong>sis. 10 k\u00e4yntikertaa.<\/li><li>Seniorit, opiskelijat ja ty\u00f6tt\u00f6m\u00e4t<strong>\u00a08\u20ac\/<\/strong>kerta tai kymppikortti\u00a0<strong>70\u20ac<\/strong>\u00a0sis. 10 k\u00e4yntikerta.<\/li><\/ul>\n\n\n\n<hr class=\"wp-block-separator\"\/>\n\n\n\n<p><strong>Lis\u00e4tiedot, hinnat ja kyselyt:<\/strong>&nbsp;Minna Pakkanen, 040 5304323<br>tai minna.pakkanen ( \u00e4t) tahtiatyylilla.fi<\/p>\n\n\n\n<p><strong>Maksuv\u00e4lineen\u00e4 k\u00e4yv\u00e4t my\u00f6s smartum-, virike- ja tykysetelit!&nbsp;<\/strong><\/p>\n\n\n\n<p>Maksattaessa liikuntaseteleill\u00e4, -kortilla tai mobiilimaksulla perimme palvelupalkkion seuraavasti:<\/p>\n\n\n\n<ul class=\"wp-block-list\"><li>Kertamaksusta&nbsp;<strong>0,50\u20ac<\/strong><\/li><li>Kymppikortista&nbsp;<strong>2,00\u20ac<\/strong><\/li><\/ul>\n\n\n\n<figure class=\"wp-block-table\"><table><tbody><tr><td><a href=\"http:\/\/tahtiatyylilla.fi\/wp-content\/uploads\/2016\/07\/plus_2x_2011.jpg\"><\/a><img decoding=\"async\" src=\"http:\/\/tahtiatyylilla.fi\/wp-content\/uploads\/2016\/07\/plus_2x_2011.jpg\" alt=\"plus_2x_2011\" style=\"width: 1px;\"><img decoding=\"async\" src=\"http:\/\/tahtiatyylilla.fi\/wp-content\/uploads\/2016\/07\/plus_2x_2011.jpg\" alt=\"plus_2x_2011\" style=\"width: 85px;\"><\/td><td><img decoding=\"async\" src=\"http:\/\/tahtiatyylilla.fi\/wp-content\/uploads\/2016\/07\/virikeseteli_uusi.jpg\" alt=\"virikeseteli_uusi\" style=\"width: 75px;\"><\/td><td><img decoding=\"async\" src=\"http:\/\/tahtiatyylilla.fi\/wp-content\/uploads\/2016\/07\/LIIKUNTASETELI_kuva_100x54pix.jpg\" alt=\"LIIKUNTASETELI_kuva_100x54pix\"><\/td><td><img decoding=\"async\" src=\"http:\/\/tahtiatyylilla.fi\/wp-content\/uploads\/2016\/07\/KULTTUURISETELI_kuva_100pix.jpg\" alt=\"conv_2008_KULTTUURISETELI _VOUCHER_FRONTSIDE.indd\"><\/td><\/tr><\/tbody><\/table><\/figure>\n\n\n\n<div class=\"wp-block-columns is-layout-flex wp-container-core-columns-is-layout-9d6595d7 wp-block-columns-is-layout-flex\">\n<div class=\"wp-block-column is-layout-flow wp-block-column-is-layout-flow\"><\/div>\n\n\n\n<div class=\"wp-block-column is-layout-flow wp-block-column-is-layout-flow\"><\/div>\n<\/div>\n","protected":false},"excerpt":{"rendered":"<p>Aikuisliikuntatuntien hinta on\u00a09\u20ac\/kerta tai kymppikortti\u00a078\u20ac\u00a0sis. 10 k\u00e4yntikertaa. Seniorit, opiskelijat ja ty\u00f6tt\u00f6m\u00e4t\u00a08\u20ac\/kerta tai kymppikortti\u00a070\u20ac\u00a0sis. 10 k\u00e4yntikerta. Lis\u00e4tiedot, hinnat ja kyselyt:&nbsp;Minna Pakkanen, 040 5304323tai minna.pakkanen ( \u00e4t) tahtiatyylilla.fi Maksuv\u00e4lineen\u00e4 k\u00e4yv\u00e4t my\u00f6s smartum-, virike- ja tykysetelit!&nbsp; Maksattaessa liikuntaseteleill\u00e4, -kortilla tai mobiilimaksulla perimme palvelupalkkion<\/p>\n","protected":false},"author":1,"featured_media":0,"parent":0,"menu_order":0,"comment_status":"closed","ping_status":"closed","template":"","meta":{"footnotes":""},"class_list":["post-30","page","type-page","status-publish","hentry"],"_links":{"self":[{"href":"https:\/\/tahtiatyylilla.fi\/wordpress\/index.php?rest_route=\/wp\/v2\/pages\/30","targetHints":{"allow":["GET"]}}],"collection":[{"href":"https:\/\/tahtiatyylilla.fi\/wordpress\/index.php?rest_route=\/wp\/v2\/pages"}],"about":[{"href":"https:\/\/tahtiatyylilla.fi\/wordpress\/index.php?rest_route=\/wp\/v2\/types\/page"}],"author":[{"embeddable":true,"href":"https:\/\/tahtiatyylilla.fi\/wordpress\/index.php?rest_route=\/wp\/v2\/users\/1"}],"replies":[{"embeddable":true,"href":"https:\/\/tahtiatyylilla.fi\/wordpress\/index.php?rest_route=%2Fwp%2Fv2%2Fcomments&post=30"}],"version-history":[{"count":6,"href":"https:\/\/tahtiatyylilla.fi\/wordpress\/index.php?rest_route=\/wp\/v2\/pages\/30\/revisions"}],"predecessor-version":[{"id":169,"href":"https:\/\/tahtiatyylilla.fi\/wordpress\/index.php?rest_route=\/wp\/v2\/pages\/30\/revisions\/169"}],"wp:attachment":[{"href":"https:\/\/tahtiatyylilla.fi\/wordpress\/index.php?rest_route=%2Fwp%2Fv2%2Fmedia&parent=30"}],"curies":[{"name":"wp","href":"https:\/\/api.w.org\/{rel}","templated":true}]}}