{"id":24,"date":"2021-12-29T17:13:19","date_gmt":"2021-12-29T17:13:19","guid":{"rendered":"https:\/\/tahtiatyylilla.fi\/wordpress\/?page_id=24"},"modified":"2022-01-01T14:02:35","modified_gmt":"2022-01-01T14:02:35","slug":"ilmoittaudu-tasta","status":"publish","type":"page","link":"https:\/\/tahtiatyylilla.fi\/wordpress\/?page_id=24","title":{"rendered":"Ilmoittaudu t\u00e4st\u00e4"},"content":{"rendered":"\n<p><code><div id=\"vello-wizard\"><\/div><script type=\"text\/javascript\" language=\"javascript\">(function(d,s,i,c,j,a){a=d.getElementsByTagName(s)[0];if(d.getElementById(i))return;j=d.createElement(s);j.id=i;j.async=1;j.setAttribute(\"data-c\",c);j.src=\"https:\/\/static.vello.fi\/js\/wizard\/vwiz.js\";a.parentNode.insertBefore(j,a);}(document,\"script\",\"vello-wizard-sdk\",\"tahtiatyylilla\"));<\/script><\/code><\/p>\n\n\n\n<p><\/p>\n\n\n\n<p>N\u00e4in ilmoittaudut tunnille<\/p>\n\n\n\n<ol class=\"wp-block-list\" type=\"1\"><li>Mene kursorilla&nbsp;<strong>aloita t\u00e4st\u00e4<\/strong>&nbsp;linkin p\u00e4\u00e4lle ja klikkaa. Valitse&nbsp;<em>osallistu ryhm\u00e4tilaisuuteen<\/em>&nbsp;ja olet tuntilukkarissa.<\/li><li>Valitse tuntilukkarista se tunti, jolle osallistut ja vie kursori sen tunnin p\u00e4\u00e4lle. Klikkaa tunti auki.<\/li><li>Kirjoita kentt\u00e4\u00e4n nimesi ja s\u00e4hk\u00f6postiosoitteesi. Puhelinnumero on vapaaehtoinen, mutta toivomme my\u00f6s sen kirjaamista.<\/li><li>Varmista, ett\u00e4 s\u00e4hk\u00f6postiosoitteesi on oikein.<\/li><li>Valitse paikkam\u00e4\u00e4r\u00e4 ja tarkista, ett\u00e4 valitset vain yhden paikan.<\/li><li>Hyv\u00e4ksy k\u00e4ytt\u00f6ehdot ja klikkaa vihre\u00e4\u00e4 vahvista painiketta.<\/li><li>S\u00e4hk\u00f6postiisi tulee hetken kuluttua vahvistus. Mik\u00e4li et saa vahvistusta niin oletettavasti s\u00e4hk\u00f6postiosoitteesi on v\u00e4\u00e4rin.<\/li><li>S\u00e4ilyt\u00e4 vahvistus niin p\u00e4\u00e4set sit\u00e4 kautta palaamaan varaukseesi ja tarvittaessa perumaan sen.<\/li><\/ol>\n","protected":false},"excerpt":{"rendered":"<p>N\u00e4in ilmoittaudut tunnille Mene kursorilla&nbsp;aloita t\u00e4st\u00e4&nbsp;linkin p\u00e4\u00e4lle ja klikkaa. Valitse&nbsp;osallistu ryhm\u00e4tilaisuuteen&nbsp;ja olet tuntilukkarissa. Valitse tuntilukkarista se tunti, jolle osallistut ja vie kursori sen tunnin p\u00e4\u00e4lle. Klikkaa tunti auki. Kirjoita kentt\u00e4\u00e4n nimesi ja s\u00e4hk\u00f6postiosoitteesi. Puhelinnumero on vapaaehtoinen, mutta toivomme my\u00f6s sen<\/p>\n","protected":false},"author":1,"featured_media":0,"parent":0,"menu_order":0,"comment_status":"closed","ping_status":"closed","template":"","meta":{"footnotes":""},"class_list":["post-24","page","type-page","status-publish","hentry"],"_links":{"self":[{"href":"https:\/\/tahtiatyylilla.fi\/wordpress\/index.php?rest_route=\/wp\/v2\/pages\/24","targetHints":{"allow":["GET"]}}],"collection":[{"href":"https:\/\/tahtiatyylilla.fi\/wordpress\/index.php?rest_route=\/wp\/v2\/pages"}],"about":[{"href":"https:\/\/tahtiatyylilla.fi\/wordpress\/index.php?rest_route=\/wp\/v2\/types\/page"}],"author":[{"embeddable":true,"href":"https:\/\/tahtiatyylilla.fi\/wordpress\/index.php?rest_route=\/wp\/v2\/users\/1"}],"replies":[{"embeddable":true,"href":"https:\/\/tahtiatyylilla.fi\/wordpress\/index.php?rest_route=%2Fwp%2Fv2%2Fcomments&post=24"}],"version-history":[{"count":7,"href":"https:\/\/tahtiatyylilla.fi\/wordpress\/index.php?rest_route=\/wp\/v2\/pages\/24\/revisions"}],"predecessor-version":[{"id":170,"href":"https:\/\/tahtiatyylilla.fi\/wordpress\/index.php?rest_route=\/wp\/v2\/pages\/24\/revisions\/170"}],"wp:attachment":[{"href":"https:\/\/tahtiatyylilla.fi\/wordpress\/index.php?rest_route=%2Fwp%2Fv2%2Fmedia&parent=24"}],"curies":[{"name":"wp","href":"https:\/\/api.w.org\/{rel}","templated":true}]}}