{"id":20,"date":"2021-12-29T17:12:37","date_gmt":"2021-12-29T17:12:37","guid":{"rendered":"https:\/\/tahtiatyylilla.fi\/wordpress\/?page_id=20"},"modified":"2021-12-29T18:14:15","modified_gmt":"2021-12-29T18:14:15","slug":"liikuntapalvelut","status":"publish","type":"page","link":"https:\/\/tahtiatyylilla.fi\/wordpress\/?page_id=20","title":{"rendered":"LIIKUNTAPALVELUT"},"content":{"rendered":"\n<figure class=\"wp-block-image size-full is-resized\"><img loading=\"lazy\" decoding=\"async\" src=\"https:\/\/tahtiatyylilla.fi\/wordpress\/wp-content\/uploads\/2021\/12\/liikuntapalvelut-kuva.jpg\" alt=\"\" class=\"wp-image-79\" width=\"819\" height=\"392\" srcset=\"https:\/\/tahtiatyylilla.fi\/wordpress\/wp-content\/uploads\/2021\/12\/liikuntapalvelut-kuva.jpg 1024w, https:\/\/tahtiatyylilla.fi\/wordpress\/wp-content\/uploads\/2021\/12\/liikuntapalvelut-kuva-300x144.jpg 300w, https:\/\/tahtiatyylilla.fi\/wordpress\/wp-content\/uploads\/2021\/12\/liikuntapalvelut-kuva-768x368.jpg 768w\" sizes=\"auto, (max-width: 819px) 100vw, 819px\" \/><\/figure>\n\n\n\n<h1 class=\"wp-block-heading\"><span style=\"color:#a5df54\" class=\"has-inline-color\">TERVEYS<a href=\"https:\/\/www.instagram.com\/tahtiatyylilla\/\" target=\"_blank\" rel=\"noreferrer noopener\"><\/a><\/span><\/h1>\n\n\n\n<p><strong>Tahtia Tyylill\u00e4 liikuntapalvelut<\/strong>&nbsp;tarjoaa monipuolisia tanssiliikuntamuotoja.<\/p>\n\n\n\n<p><strong>Bailatino<\/strong>&nbsp;(rekister\u00f6ity tavaramerkki) on tanssillinen liikuntamuoto, jonka perusajatuksena on tuoda ihmiset l\u00e4hemm\u00e4ksi latinalaista musiikkia ja tanssia. Bailatinossa ei vaadita tanssitekniikan osaamista. Kyseess\u00e4 on enemm\u00e4nkin kuntotanssimuoto kuin koreografiatunti. Jokaisella tunnilla tanssitaan useampaa eri tanssia, joka takaa monipuolisen menon. Suosittelemme tanssinn\u00e4lk\u00e4isille.<\/p>\n\n\n\n<p><strong>Zumban<\/strong>&nbsp;tuoteperheeseen kuuluu useita erilaisia tunteja, my\u00f6s v\u00e4linetunteja. Yksikertaisuudessaan zumbatunnissa yhdistyv\u00e4t tanssiliikunta ja aerobinen fitness. Se on hauska, vaihteleva sek\u00e4 helppo ja tehokas. Mik\u00e4li pid\u00e4t tanssiliikunnasta ja menevist\u00e4 fitnesstunneista niin zumbassa n\u00e4m\u00e4 kaksi asiaa yhdistyv\u00e4t sykett\u00e4 nostattavaksi kokonaisuudeksi.<\/p>\n\n\n\n<p>Valitse n\u00e4ist\u00e4 sinulle sopivin:<\/p>\n\n\n\n<p>-Bailatino Senior<\/p>\n\n\n\n<p>-Bailatino alkeet<\/p>\n\n\n\n<p>-Latin Mix Dance Easy<\/p>\n\n\n\n<p>-Latin Mix Dance Edistyneet<\/p>\n\n\n\n<p>-Zumba Gold<\/p>\n\n\n\n<p>-Zumba Fitness<\/p>\n\n\n\n<p>-Zumba Toning<\/p>\n\n\n\n<p>-Zumba Step<\/p>\n\n\n\n<p>Lis\u00e4ksi l\u00f6yd\u00e4t tapahtumakalenterista erilaiset teematunnit, jotka ovat koreografiatunteja ja tarjoavat jumppareille lis\u00e4haastetta.<\/p>\n","protected":false},"excerpt":{"rendered":"<p>TERVEYS Tahtia Tyylill\u00e4 liikuntapalvelut&nbsp;tarjoaa monipuolisia tanssiliikuntamuotoja. Bailatino&nbsp;(rekister\u00f6ity tavaramerkki) on tanssillinen liikuntamuoto, jonka perusajatuksena on tuoda ihmiset l\u00e4hemm\u00e4ksi latinalaista musiikkia ja tanssia. Bailatinossa ei vaadita tanssitekniikan osaamista. Kyseess\u00e4 on enemm\u00e4nkin kuntotanssimuoto kuin koreografiatunti. Jokaisella tunnilla tanssitaan useampaa eri tanssia, joka takaa<\/p>\n","protected":false},"author":1,"featured_media":0,"parent":0,"menu_order":0,"comment_status":"closed","ping_status":"closed","template":"","meta":{"footnotes":""},"class_list":["post-20","page","type-page","status-publish","hentry"],"_links":{"self":[{"href":"https:\/\/tahtiatyylilla.fi\/wordpress\/index.php?rest_route=\/wp\/v2\/pages\/20","targetHints":{"allow":["GET"]}}],"collection":[{"href":"https:\/\/tahtiatyylilla.fi\/wordpress\/index.php?rest_route=\/wp\/v2\/pages"}],"about":[{"href":"https:\/\/tahtiatyylilla.fi\/wordpress\/index.php?rest_route=\/wp\/v2\/types\/page"}],"author":[{"embeddable":true,"href":"https:\/\/tahtiatyylilla.fi\/wordpress\/index.php?rest_route=\/wp\/v2\/users\/1"}],"replies":[{"embeddable":true,"href":"https:\/\/tahtiatyylilla.fi\/wordpress\/index.php?rest_route=%2Fwp%2Fv2%2Fcomments&post=20"}],"version-history":[{"count":4,"href":"https:\/\/tahtiatyylilla.fi\/wordpress\/index.php?rest_route=\/wp\/v2\/pages\/20\/revisions"}],"predecessor-version":[{"id":99,"href":"https:\/\/tahtiatyylilla.fi\/wordpress\/index.php?rest_route=\/wp\/v2\/pages\/20\/revisions\/99"}],"wp:attachment":[{"href":"https:\/\/tahtiatyylilla.fi\/wordpress\/index.php?rest_route=%2Fwp%2Fv2%2Fmedia&parent=20"}],"curies":[{"name":"wp","href":"https:\/\/api.w.org\/{rel}","templated":true}]}}