{"id":18,"date":"2021-12-29T17:12:08","date_gmt":"2021-12-29T17:12:08","guid":{"rendered":"https:\/\/tahtiatyylilla.fi\/wordpress\/?page_id=18"},"modified":"2021-12-30T05:29:49","modified_gmt":"2021-12-30T05:29:49","slug":"henkilostovalmennukset","status":"publish","type":"page","link":"https:\/\/tahtiatyylilla.fi\/wordpress\/?page_id=18","title":{"rendered":"HENKIL\u00d6ST\u00d6VALMENNUKSET"},"content":{"rendered":"\n<p><br><br><strong><span style=\"color:#a5df54\" class=\"has-inline-color\">Aihealueemme henkil\u00f6st\u00f6valmennuksille<\/span><\/strong><\/p>\n\n\n\n<figure class=\"wp-block-image size-full is-resized\"><img loading=\"lazy\" decoding=\"async\" src=\"https:\/\/tahtiatyylilla.fi\/wordpress\/wp-content\/uploads\/2021\/12\/hlo-valmennukset-kopio.jpg\" alt=\"\" class=\"wp-image-136\" width=\"533\" height=\"477\" srcset=\"https:\/\/tahtiatyylilla.fi\/wordpress\/wp-content\/uploads\/2021\/12\/hlo-valmennukset-kopio.jpg 709w, https:\/\/tahtiatyylilla.fi\/wordpress\/wp-content\/uploads\/2021\/12\/hlo-valmennukset-kopio-300x269.jpg 300w\" sizes=\"auto, (max-width: 533px) 100vw, 533px\" \/><\/figure>\n\n\n\n<ul class=\"wp-block-list\"><li>R\u00e4\u00e4t\u00e4l\u00f6idyt valmennukset aiheena kommunikaatio ja vuorovaikutus<\/li><li>Ty\u00f6hyvinvointi luennot (kommunikaatio ja vuorovaikutus)<\/li><li>Tehokkaan ryhm\u00e4n toiminta<\/li><li>Arvot ja niiden vaikutus toimintaamme<\/li><\/ul>\n\n\n\n<p><strong>OTA YHTEYTT\u00c4 JA PYYD\u00c4 TARJOUS!<\/strong><\/p>\n","protected":false},"excerpt":{"rendered":"<p>Aihealueemme henkil\u00f6st\u00f6valmennuksille R\u00e4\u00e4t\u00e4l\u00f6idyt valmennukset aiheena kommunikaatio ja vuorovaikutus Ty\u00f6hyvinvointi luennot (kommunikaatio ja vuorovaikutus) Tehokkaan ryhm\u00e4n toiminta Arvot ja niiden vaikutus toimintaamme OTA YHTEYTT\u00c4 JA PYYD\u00c4 TARJOUS!<\/p>\n","protected":false},"author":1,"featured_media":0,"parent":0,"menu_order":0,"comment_status":"closed","ping_status":"closed","template":"","meta":{"footnotes":""},"class_list":["post-18","page","type-page","status-publish","hentry"],"_links":{"self":[{"href":"https:\/\/tahtiatyylilla.fi\/wordpress\/index.php?rest_route=\/wp\/v2\/pages\/18","targetHints":{"allow":["GET"]}}],"collection":[{"href":"https:\/\/tahtiatyylilla.fi\/wordpress\/index.php?rest_route=\/wp\/v2\/pages"}],"about":[{"href":"https:\/\/tahtiatyylilla.fi\/wordpress\/index.php?rest_route=\/wp\/v2\/types\/page"}],"author":[{"embeddable":true,"href":"https:\/\/tahtiatyylilla.fi\/wordpress\/index.php?rest_route=\/wp\/v2\/users\/1"}],"replies":[{"embeddable":true,"href":"https:\/\/tahtiatyylilla.fi\/wordpress\/index.php?rest_route=%2Fwp%2Fv2%2Fcomments&post=18"}],"version-history":[{"count":4,"href":"https:\/\/tahtiatyylilla.fi\/wordpress\/index.php?rest_route=\/wp\/v2\/pages\/18\/revisions"}],"predecessor-version":[{"id":138,"href":"https:\/\/tahtiatyylilla.fi\/wordpress\/index.php?rest_route=\/wp\/v2\/pages\/18\/revisions\/138"}],"wp:attachment":[{"href":"https:\/\/tahtiatyylilla.fi\/wordpress\/index.php?rest_route=%2Fwp%2Fv2%2Fmedia&parent=18"}],"curies":[{"name":"wp","href":"https:\/\/api.w.org\/{rel}","templated":true}]}}