{"id":16,"date":"2021-12-29T17:11:34","date_gmt":"2021-12-29T17:11:34","guid":{"rendered":"https:\/\/tahtiatyylilla.fi\/wordpress\/?page_id=16"},"modified":"2022-01-01T14:07:11","modified_gmt":"2022-01-01T14:07:11","slug":"etusivu","status":"publish","type":"page","link":"https:\/\/tahtiatyylilla.fi\/wordpress\/","title":{"rendered":"PALVELUMME"},"content":{"rendered":"\n<p>Kukapa meist\u00e4 ei haluaisi voida hyvin. Suurin osa ihmisist\u00e4 hakee koko el\u00e4m\u00e4ns\u00e4 ajan hyv\u00e4\u00e4 oloa ja onnellisuutta. Onnellisuus ja elinvoima on monen asian summa.<\/p>\n\n\n\n<p>Henkinen ja fyysinen hyvinvointi ovat kuin pariskunta, ne kulkevat k\u00e4sik\u00e4dess\u00e4. Hyv\u00e4n parisuhteen perusta on se, ett\u00e4 siit\u00e4 pidet\u00e4\u00e4n huolta.<\/p>\n\n\n\n<p>Yrityksemme t\u00e4rkein teht\u00e4v\u00e4 on tuottaa asiakkailleen hyv\u00e4\u00e4 oloa ja mielt\u00e4. <br>Toimintamme jakautuu kolmeen osa-alueeseen.<\/p>\n\n\n\n<ul class=\"wp-block-list\"><li><span style=\"color:#8edc47\" class=\"has-inline-color\">Liikuntapalvelut<\/span><\/li><li><span style=\"color:#8edc47\" class=\"has-inline-color\">R\u00e4\u00e4t\u00e4l\u00f6idyt henkil\u00f6st\u00f6valmennukset yrityksille ja yhteis\u00f6lle<\/span><\/li><li><span style=\"color:#8edc47\" class=\"has-inline-color\">Zumbawear j\u00e4lleenmyynti Suomessa<\/span><\/li><\/ul>\n\n\n\n<figure class=\"wp-block-image size-full is-resized\"><img loading=\"lazy\" decoding=\"async\" src=\"https:\/\/tahtiatyylilla.fi\/wordpress\/wp-content\/uploads\/2021\/12\/KevatKettu-1-588x1024-1.jpg\" alt=\"\" class=\"wp-image-75\" width=\"158\" height=\"275\" srcset=\"https:\/\/tahtiatyylilla.fi\/wordpress\/wp-content\/uploads\/2021\/12\/KevatKettu-1-588x1024-1.jpg 588w, https:\/\/tahtiatyylilla.fi\/wordpress\/wp-content\/uploads\/2021\/12\/KevatKettu-1-588x1024-1-172x300.jpg 172w\" sizes=\"auto, (max-width: 158px) 100vw, 158px\" \/><\/figure>\n","protected":false},"excerpt":{"rendered":"<p>Kukapa meist\u00e4 ei haluaisi voida hyvin. Suurin osa ihmisist\u00e4 hakee koko el\u00e4m\u00e4ns\u00e4 ajan hyv\u00e4\u00e4 oloa ja onnellisuutta. Onnellisuus ja elinvoima on monen asian summa. Henkinen ja fyysinen hyvinvointi ovat kuin pariskunta, ne kulkevat k\u00e4sik\u00e4dess\u00e4. Hyv\u00e4n parisuhteen perusta on se, ett\u00e4<\/p>\n","protected":false},"author":1,"featured_media":0,"parent":0,"menu_order":0,"comment_status":"closed","ping_status":"closed","template":"","meta":{"footnotes":""},"class_list":["post-16","page","type-page","status-publish","hentry"],"_links":{"self":[{"href":"https:\/\/tahtiatyylilla.fi\/wordpress\/index.php?rest_route=\/wp\/v2\/pages\/16","targetHints":{"allow":["GET"]}}],"collection":[{"href":"https:\/\/tahtiatyylilla.fi\/wordpress\/index.php?rest_route=\/wp\/v2\/pages"}],"about":[{"href":"https:\/\/tahtiatyylilla.fi\/wordpress\/index.php?rest_route=\/wp\/v2\/types\/page"}],"author":[{"embeddable":true,"href":"https:\/\/tahtiatyylilla.fi\/wordpress\/index.php?rest_route=\/wp\/v2\/users\/1"}],"replies":[{"embeddable":true,"href":"https:\/\/tahtiatyylilla.fi\/wordpress\/index.php?rest_route=%2Fwp%2Fv2%2Fcomments&post=16"}],"version-history":[{"count":6,"href":"https:\/\/tahtiatyylilla.fi\/wordpress\/index.php?rest_route=\/wp\/v2\/pages\/16\/revisions"}],"predecessor-version":[{"id":175,"href":"https:\/\/tahtiatyylilla.fi\/wordpress\/index.php?rest_route=\/wp\/v2\/pages\/16\/revisions\/175"}],"wp:attachment":[{"href":"https:\/\/tahtiatyylilla.fi\/wordpress\/index.php?rest_route=%2Fwp%2Fv2%2Fmedia&parent=16"}],"curies":[{"name":"wp","href":"https:\/\/api.w.org\/{rel}","templated":true}]}}